{"id":105474,"date":"2018-09-28T04:06:00","date_gmt":"2018-09-28T04:06:00","guid":{"rendered":""},"modified":"2023-01-08T02:20:44","modified_gmt":"2023-01-08T02:20:44","slug":"about-me_27","status":"publish","type":"page","link":"https:\/\/cvnextjob.com\/index.php\/about-me_27\/","title":{"rendered":"ABOUT ME"},"content":{"rendered":"<div style=\"background-color:white;color:#555555;font-family:Roboto, Arial, Helvetica, sans-serif;font-size:13px;\">\n<div class=\"separator\" style=\"clear:both;text-align:center;\"><a href=\"https:\/\/plopandrew.files.wordpress.com\/2017\/12\/plop2bandrei2bpolonia252c2bvarsovia252c2bjudecatorie2bde2bsector.jpg?w=300\" style=\"margin-left:1em;margin-right:1em;\"><img decoding=\"async\" border=\"0\" src=\"https:\/\/plopandrew.files.wordpress.com\/2017\/12\/plop2bandrei2bpolonia252c2bvarsovia252c2bjudecatorie2bde2bsector.jpg?w=300\" \/><\/a><\/div>\n<p>My name is Andrei Plop and I am from Moldova and Romania. I graduated from the Faculty of International Relations (ULIM) , I studied at \u00a0the Romanian &#8211; American University, the Faculty of Law. Also, I graduated from \u00a0the Faculty of International Relations a master student of the SNSPA,. I was nominated to take part in the parliament elections in 2009( RM). If i had to describe myself in three words, they would be passionate about learning, hard working and ambitious.<br \/>\u00a0 Training of elites at the most prestigious schools of the world together with the democratization and economic reforms in a state may lead to the creation of the basis for a viable state. Current realities require improvement of the methods, instruments, and strategies available for my country. They are necessary for facing challenges and risks and for establishing clear and precise lines of action in the following spheres: political-administrative, social, educational, research, culture, national security and public order in the foreign policy. In this situation, people need a support and this can only come from leaders of society, particularly political leaders. They need to exhale the force that protects the vulnerable people and enables people with initiative to press the accelerator for maximizing profits. Reforms are needed to completely change the social order and institutions. It is known that as the people get older, they become more conservative. In contrast a youth easily adapts to new trends or political projects.<br \/>\u00a0 I am fully supporting and sharing ideas of democracy, freedom of thought and expression willing to devote my life and carrier to promote them around the world and particularly in my \u00a0country. Gaining multicultural experience from my previous projects was incredible. Immersion in foreign environments provided me an important source of inspiration, enthusiasm and new friends. \u00a0My dream is to live in a world with a multitude of cultures and languages; where people can live in freedom of thought and freedom of expression. I am really willing to make the sacrifices needed to make this change. \u00a0Sincerely, Andrei Plop<\/div>\n<div style=\"background-color:white;color:#555555;font-family:Roboto, Arial, Helvetica, sans-serif;font-size:13px;\"><span style=\"font-size:large;\"><\/span><\/p>\n<table align=\"left\" border=\"0\" cellpadding=\"0\" cellspacing=\"0\" class=\"MsoNormalTable\" style=\"border-collapse:collapse;margin:-1.95pt -2.25pt 6.25pt;width:615px;\">\n<tbody>\n<tr style=\"break-inside:avoid;\">\n<td colspan=\"2\" style=\"padding:0;width:377.1pt;\" valign=\"top\" width=\"503\">\n<div style=\"line-height:19.5px;\"><\/div>\n<div style=\"line-height:19.5px;\"><span style=\"font-size:large;\"><br \/><\/span><\/div>\n<\/td>\n<\/tr>\n<\/tbody>\n<\/table>\n<\/div>\n<div style=\"background-color:white;color:#555555;font-family:Roboto, Arial, Helvetica, sans-serif;font-size:13px;\"><span style=\"font-size:large;\"><br \/><\/span><span style=\"font-size:large;\"><br \/><\/span><span style=\"font-size:large;\"><a href=\"http:\/\/plopandrew.blogspot.com\/2017\/10\/7-2009.html\" rel=\"nofollow noopener\" target=\"_blank\">\u00ab\u041e\u0442\u043a\u0440\u043e\u0432\u0435\u043d\u0438\u044f \u043f\u0440\u043e\u0432\u043e\u043a\u0430\u0442\u043e\u0440\u0430\u00bb \u043f\u0440\u043e \u00ab\u0420\u0435\u0432\u043e\u043b\u044e\u0446\u0438\u044f \u0422\u0432\u0438\u0442\u0442\u0435\u0440\u0430\u00bb 7 \u0430\u043f\u0440\u0435\u043b\u044f 2009.<\/a><\/span><\/p>\n<div style=\"text-align:center;\"><span style=\"font-size:small;\"><b><span style=\"font-size:medium;\">\u00a0<\/span>Plop Andrei &#8211;  Provoker  (Am I a revolutionary? Am I a Spy? Am I a gay?  Did I work for interpol? Am I the new Nelson Mandela? Am I a Nazis? Who  am I? )\u00a0<\/b><\/span><\/div>\n<p><u><span style=\"color:red;\"><span style=\"font-size:large;\"><a href=\"http:\/\/plopandrew.blogspot.com\/2017\/10\/plop-andrei-provoker-am-i-revolutionary.html\" rel=\"nofollow noopener\" target=\"_blank\"><b>&#8211; \u00a0<\/b> the first part &#8211; <span style=\"font-size:medium;\">Am I a revolutionary?<\/span><\/a><\/span><\/span><\/u><br \/><u><span style=\"color:red;\"><span style=\"font-size:large;\"><a href=\"http:\/\/plopandrew.blogspot.com\/2017\/10\/part-two-plop-andrei-provoker-am-i.html\" rel=\"nofollow noopener\" target=\"_blank\"><span style=\"font-size:medium;\">&#8211; second part &#8211; <\/span><span style=\"font-size:medium;\"><span lang=\"EN\"><span style=\"font-size:medium;\">Am I the new Nelson Mandela?\u00a0\u00a0<\/span><\/span><\/span><\/a><\/span><\/span><\/u><br \/><u><span style=\"color:red;\"><span style=\"font-size:large;\"><a href=\"http:\/\/plopandrew.blogspot.com\/2017\/10\/third-part-plop-andrei-provoker-am-i.html\" rel=\"nofollow noopener\" target=\"_blank\"><span style=\"font-size:medium;\"><span lang=\"EN\"><span style=\"font-size:medium;\">&#8211;\u00a0 <\/span><\/span><\/span><span style=\"font-size:medium;\"><span lang=\"EN\"><span style=\"font-size:medium;\">third part<b> <\/b>&#8211;\u00a0 <\/span><\/span><\/span><b>Am I a gay?<\/b><\/a><\/span><\/span><\/u><br \/><u><span style=\"color:red;\"><span style=\"font-size:large;\"><a href=\"http:\/\/plopandrew.blogspot.com\/2017\/10\/fourth-part-plop-andrei-provoker-am-i.html\" rel=\"nofollow noopener\" target=\"_blank\"><b>&#8211;\u00a0 fourth part- <\/b><\/a><b><a href=\"http:\/\/plopandrew.blogspot.com\/2017\/10\/fourth-part-plop-andrei-provoker-am-i.html\" rel=\"nofollow noopener\" target=\"_blank\">Did I work for interpol? <\/a>\u00a0<\/b><\/span><\/span><\/u><br \/><u><span style=\"color:red;\"><span style=\"font-size:large;\"><a href=\"http:\/\/plopandrew.blogspot.com\/2017\/10\/fifth-part-plop-andrei-provoker-am-i.html\" rel=\"nofollow noopener\" target=\"_blank\"><span style=\"font-size:medium;\">&#8211; fifth part- <\/span><\/a><\/span><\/span><\/u><span style=\"font-size:large;\"><u><span style=\"color:red;\"><a href=\"http:\/\/plopandrew.blogspot.com\/2017\/10\/fifth-part-plop-andrei-provoker-am-i.html\" rel=\"nofollow noopener\" target=\"_blank\"><span lang=\"EN\">I&#8217;m still alive<\/span><\/a><\/span><\/u> <\/span><\/p>\n<div>07\/04\/2014\u201304\/07\/2014\u00a0<\/div>\n<div>\u00a0International Parliamentary Internship Program, Warsaw (Poland)\u00a0 \u00a0 \u00a0 \u00a0 \u00a0 \u00a0 \u00a0 \u00a0 \u00a0 \u00a0 \u00a0<\/div>\n<div>07\/2016\u201310\/2016 One World Center (Denmark) EDUCATION AND TRAINING\u00a0<\/div>\n<div>09\/2007\u201308\/2010 Faculty of History and International Relations Free International University of Moldova, Chisinau (ULIM)\u00a0<\/div>\n<div>\u00a010\/2013\u201308\/2015 Department of International Relations and European Integration, Conflict Analysis and Resolution National School of Political Science and Public Administration, Bucharest (Romania)\u00a0 \u00a0 \u00a0 \u00a0 \u00a0 \u00a0 \u00a0 \u00a0 \u00a0 \u00a0<\/div>\n<div>\u00a010\/2012\u201308\/2016 Faculty of Law Romanian-American University, Bucharest (Romania)\u00a0 \u00a0 \u00a0<\/div>\n<div><\/div>\n<div>\u25aa WSCFE: Encountering the Other &#8211; Community building and ecumenical leadership training in Central and Eastern Europe ( July 2013) \u25aa\u00a0<\/div>\n<div><\/div>\n<div>Succes in Romania ( 2012-2013);A mentorship programme designed for students of Romanian origin, born abroad, who come to Romania to pursue their academic studies. \u25aa\u00a0<\/div>\n<div><\/div>\n<div>Letter of Confirmation by Wolfgang Behrendt, Head of Delegation of the European Union to Moldova \u25aa\u00a0<\/div>\n<div><\/div>\n<div><\/div>\n<div><\/div>\n<div>European Leadership Academy, AEGIS Consulting (Chisinau, Moldova, 2009- 2010);\u00a0 \u00a0 \u00a0<\/div>\n<div><\/div>\n<div>\u25aa Foundation for reforms in justice, security and defense (Chisinau, Moldova, 2009-2010).\u00a0<\/div>\n<div>\u00a0 \u00a0 \u00a0 \u00a0 \u00a0 \u00a0<\/div>\n<div>\u25aa Inter-university Student Conference at CID NATO, &#8220;Strategic Concept of NATO and its role in providing security in the Euro-Atlantic&#8221; ( Chisinau, Moldova &#8211; 2010) ;\u00a0 \u00a0 \u00a0<\/div>\n<div><\/div>\n<div>\u25aa International Taekwon-do Championship ALTAIR (Chisinau, Moldova) &#8211; 2nd place; \u25aa National Taekwon-do Championship (Chisinau, Moldova) &#8211; 2nd place; \u25aa National Taekwon-do Championship (Chisinau, Moldova) &#8211; 3rd place.<\/div>\n<div style=\"text-indent:-7.53px;\"><\/div>\n<div>\n<table align=\"left\" cellpadding=\"0\" cellspacing=\"0\" style=\"margin-bottom:20px;width:615px;\">\n<tbody>\n<tr>\n<td align=\"left\" style=\"padding:.3pt 0;\" valign=\"top\">\n<div>\n<table align=\"left\" cellpadding=\"0\" cellspacing=\"0\" style=\"margin-bottom:20px;width:615px;\">\n<tbody>\n<tr>\n<td align=\"left\" style=\"padding:.3pt 0;\" valign=\"top\">\n<div style=\"margin:0 0 10pt 5.65pt;text-indent:-5.65pt;\">\n<p><span><span style=\"line-height:24px;\"><br \/><\/span><\/span><\/div>\n<div style=\"margin:0 0 10pt 5.65pt;text-indent:-5.65pt;\"><span><span style=\"line-height:24px;\"><br \/><\/span><\/span><\/div>\n<div style=\"line-height:19.5px;margin:0 0 10pt 5.65pt;text-indent:-5.65pt;\"><span style=\"line-height:normal;text-indent:0;\">\u00a0(polish<\/span><\/div>\n<\/td>\n<\/tr>\n<\/tbody>\n<\/table>\n<\/div>\n<div style=\"line-height:19.5px;margin:0 0 10pt 36pt;text-indent:-18pt;\"><span style=\"line-height:normal;text-indent:0;\"><br \/><\/span><\/div>\n<\/td>\n<\/tr>\n<\/tbody>\n<\/table>\n<\/div>\n<p><\/div>\n<div style=\"background-color:white;color:#555555;font-family:Roboto, Arial, Helvetica, sans-serif;font-size:13px;\">\n<div class=\"separator\" style=\"clear:both;text-align:center;\"><\/div>\n<\/div>\n<div class=\"separator\" style=\"clear:both;text-align:center;\"><span>https:\/\/www.facebook.com\/plopandrew13\/<\/span><\/div>\n<p><span>\u00a0https:\/\/www.instagram.com\/plopandrew<\/span><br \/><span>\u00a0https:\/\/www.linkedin.com\/in\/plopandrew\/<\/span><br \/><span><br \/><\/span><span><br \/><\/span><span><br \/><\/span><span><br \/><\/span>Mam na imi\u0119 Andrei Plop i pochodz\u0119 z Rumunii. Uko\u0144czy\u0142em studia licencjackie (ULIM) ,magisterskie na Wydziale Stosunk\u00f3w Mi\u0119dzynarodowych (SNSPA), drugich studi\u00f3w licencjackich na kieruneku Prawo w Romanian &#8211; American University. W 2009 by\u0142em nominowany do wzi\u0119cia udzia\u0142u w wyborach do parlamentu. Gdybym mia\u0142 si\u0119 zwi\u0119\u017ale opisa\u0107, powiedzia\u0142bym o sobie: jestem ambitny, pracowity oraz lubi\u0119 si\u0119 uczy\u0107.   Szkolenie elit w najbardziej presti\u017cowych szko\u0142ach na \u015bwiecie w po\u0142\u0105czeniu z demokracj\u0105 i ekonomicznymi reformami mo\u017ce poprowadzi\u0107 kraj do stworzenia podstaw prowadz\u0105cych do sukces\u00f3w w gospodarce pa\u0144stwa. Obecne realia wymagaj\u0105 udoskonalenia metod, instrument\u00f3w i strategii w moim kraju.   W pe\u0142ni popieram i dziel\u0119 ide\u0119 demokracji, wolno\u015bci do wyra\u017cania swoich my\u015bli i chc\u0119 po\u015bwi\u0119ci\u0107 swoje \u017cycie i karier\u0119 do promowania wy\u017cej wymienionych warto\u015bci na \u015bwiecie, a szczeg\u00f3lnie w moim kraju.<\/p>\n","protected":false},"excerpt":{"rendered":"<p>My name is Andrei Plop and I am from Moldova and Romania. I graduated from the Faculty of International Relations (ULIM) , I studied at \u00a0the Romanian &#8211; American University, the Faculty of Law. Also, I graduated from \u00a0the Faculty of International Relations a master student of the SNSPA,. I was nominated to take part [&hellip;]<\/p>\n","protected":false},"author":2,"featured_media":0,"parent":0,"menu_order":0,"comment_status":"closed","ping_status":"closed","template":"","meta":[],"aioseo_notices":[],"_links":{"self":[{"href":"https:\/\/cvnextjob.com\/index.php\/wp-json\/wp\/v2\/pages\/105474"}],"collection":[{"href":"https:\/\/cvnextjob.com\/index.php\/wp-json\/wp\/v2\/pages"}],"about":[{"href":"https:\/\/cvnextjob.com\/index.php\/wp-json\/wp\/v2\/types\/page"}],"author":[{"embeddable":true,"href":"https:\/\/cvnextjob.com\/index.php\/wp-json\/wp\/v2\/users\/2"}],"replies":[{"embeddable":true,"href":"https:\/\/cvnextjob.com\/index.php\/wp-json\/wp\/v2\/comments?post=105474"}],"version-history":[{"count":0,"href":"https:\/\/cvnextjob.com\/index.php\/wp-json\/wp\/v2\/pages\/105474\/revisions"}],"wp:attachment":[{"href":"https:\/\/cvnextjob.com\/index.php\/wp-json\/wp\/v2\/media?parent=105474"}],"curies":[{"name":"wp","href":"https:\/\/api.w.org\/{rel}","templated":true}]}}